{"id":97,"date":"2021-09-17T17:31:21","date_gmt":"2021-09-17T14:31:21","guid":{"rendered":"https:\/\/www.vehkalahdenveikot.fi\/sm-yo2021\/?page_id=97"},"modified":"2021-09-17T17:31:25","modified_gmt":"2021-09-17T14:31:25","slug":"media","status":"publish","type":"page","link":"https:\/\/www.vehkalahdenveikot.fi\/sm-yo2021\/media\/","title":{"rendered":"Media"},"content":{"rendered":"\n<p><strong>MEDIATIEDOTE\u00a0 17.9.2021<\/strong><\/p>\n\n\n\n<figure class=\"wp-block-image size-large is-resized\"><img loading=\"lazy\" decoding=\"async\" src=\"https:\/\/www.vehkalahdenveikot.fi\/sm-yo2021\/wp-content\/uploads\/sites\/5\/2021\/08\/cropped-smyo21_logo-1024x219.png\" alt=\"\" class=\"wp-image-18\" width=\"725\" height=\"154\" srcset=\"https:\/\/www.vehkalahdenveikot.fi\/sm-yo2021\/wp-content\/uploads\/sites\/5\/2021\/08\/cropped-smyo21_logo-1024x219.png 1024w, https:\/\/www.vehkalahdenveikot.fi\/sm-yo2021\/wp-content\/uploads\/sites\/5\/2021\/08\/cropped-smyo21_logo-300x64.png 300w, https:\/\/www.vehkalahdenveikot.fi\/sm-yo2021\/wp-content\/uploads\/sites\/5\/2021\/08\/cropped-smyo21_logo-768x164.png 768w, https:\/\/www.vehkalahdenveikot.fi\/sm-yo2021\/wp-content\/uploads\/sites\/5\/2021\/08\/cropped-smyo21_logo.png 1499w\" sizes=\"auto, (max-width: 725px) 100vw, 725px\" \/><\/figure>\n\n\n\n<p>VeVe\u00a0j\u00e4rjest\u00e4\u00e4 suunnistuksen\u00a0SM-y\u00f6kilpailun (pe\u00a0 24.9. karsinta ja la 25.9. finaali) Haminan\u00a0 Mets\u00e4kyl\u00e4ss\u00e4. SM-y\u00f6kilpailu\u00a0 samalla on suunnistusliigan\u00a0 finaali.<\/p>\n\n\n\n<p>Kilpailuun\u00a0osallistuu yhteens\u00e4 n. 1000 suunnistajaa.\u00a0Ensimm\u00e4iset\u00a0l\u00e4hd\u00f6t\u00a0 ovat\u00a0 20.30. Kaikki\u00a0 kilpailun informaatio\u00a0 l\u00f6ytyy kilpailun\u00a0 internet -sivuilta\u00a0 osoitteesta \u00a0 <a href=\"https:\/\/www.vehkalahdenveikot.fi\/sm-yo2021\/\">https:\/\/www.vehkalahdenveikot.fi\/sm-yo2021\/<\/a><\/p>\n\n\n\n<p>Median\u00a0edustajia pyydet\u00e4\u00e4n ilmoittautumaan (nimi, puh. numero ja\u00a0 media, jota\u00a0 edustaa) \u00a0 ke 22.9.\u00a0 klo\u00a0 16. 00\u00a0 menness\u00e4\u00a0 s\u00e4hk\u00f6postilla\u00a0kilpailun tiedottajalle Anniina\u00a0 Heikkiselle\u00a0 osoitteeseen <a>anniina.heikkinen@vehkalahdenveikot.fi<\/a>.<\/p>\n\n\n\n<p>Tiedustelut puhelimitse\u00a0 0503852453.\u00a0 Median edustajat voivat pys\u00e4k\u00f6id\u00e4 VIP-vieraille varatulle pys\u00e4k\u00f6intipaikalle.<\/p>\n\n\n\n<p>Kilpailukeskus on Mets\u00e4kyl\u00e4n seuratalolla, osoite Mets\u00e4kyl\u00e4ntie 393, Hamina. Opastus Hamina-Anjalankoski tielt\u00e4 371 pohjoisesta tuleville Liikkalassa ja muista suunnista tuleville Husulassa kiertoliittym\u00e4ss\u00e4.<\/p>\n\n\n\n<p>Etuk\u00e4teen&nbsp; ilmoittautuneita&nbsp; median edustajia pyydet\u00e4\u00e4n ilmoittautumaan&nbsp; my\u00f6s&nbsp; kilpailukeskuksen&nbsp; infossa. Medialle&nbsp; on varattu&nbsp; s\u00e4hk\u00f6pistokkeita.<\/p>\n\n\n\n<p>Media voi kuvata kilpailukeskuksen alueella.&nbsp; Maastossa ei ole kuvausmahdollisuutta.<\/p>\n\n\n\n<p><strong>Tervetuloa Haminan\u00a0Mets\u00e4kyl\u00e4\u00e4n<\/strong>\u00a0\u00a0<\/p>\n\n\n\n<p>Vehkalahden Veikot<\/p>\n\n\n\n<figure class=\"wp-block-image size-medium\"><img loading=\"lazy\" decoding=\"async\" width=\"300\" height=\"300\" src=\"https:\/\/www.vehkalahdenveikot.fi\/sm-yo2021\/wp-content\/uploads\/sites\/5\/2021\/08\/VeVe-logo-512-300x300.png\" alt=\"VeVe logo\" class=\"wp-image-13\" srcset=\"https:\/\/www.vehkalahdenveikot.fi\/sm-yo2021\/wp-content\/uploads\/sites\/5\/2021\/08\/VeVe-logo-512-300x300.png 300w, https:\/\/www.vehkalahdenveikot.fi\/sm-yo2021\/wp-content\/uploads\/sites\/5\/2021\/08\/VeVe-logo-512-150x150.png 150w, https:\/\/www.vehkalahdenveikot.fi\/sm-yo2021\/wp-content\/uploads\/sites\/5\/2021\/08\/VeVe-logo-512.png 512w\" sizes=\"auto, (max-width: 300px) 100vw, 300px\" \/><\/figure>\n","protected":false},"excerpt":{"rendered":"<p>MEDIATIEDOTE\u00a0 17.9.2021 VeVe\u00a0j\u00e4rjest\u00e4\u00e4 suunnistuksen\u00a0SM-y\u00f6kilpailun (pe\u00a0 24.9. karsinta ja la 25.9. finaali) Haminan\u00a0 Mets\u00e4kyl\u00e4ss\u00e4. SM-y\u00f6kilpailu\u00a0 samalla on suunnistusliigan\u00a0 finaali. Kilpailuun\u00a0osallistuu yhteens\u00e4 n. 1000 suunnistajaa.\u00a0Ensimm\u00e4iset\u00a0l\u00e4hd\u00f6t\u00a0 ovat\u00a0 20.30. Kaikki\u00a0 kilpailun informaatio\u00a0 l\u00f6ytyy kilpailun\u00a0 internet -sivuilta\u00a0 osoitteesta \u00a0&#46;&#46;&#46;<\/p>\n","protected":false},"author":2,"featured_media":0,"parent":0,"menu_order":0,"comment_status":"closed","ping_status":"closed","template":"","meta":{"ngg_post_thumbnail":0,"footnotes":""},"class_list":["post-97","page","type-page","status-publish","hentry"],"_links":{"self":[{"href":"https:\/\/www.vehkalahdenveikot.fi\/sm-yo2021\/wp-json\/wp\/v2\/pages\/97","targetHints":{"allow":["GET"]}}],"collection":[{"href":"https:\/\/www.vehkalahdenveikot.fi\/sm-yo2021\/wp-json\/wp\/v2\/pages"}],"about":[{"href":"https:\/\/www.vehkalahdenveikot.fi\/sm-yo2021\/wp-json\/wp\/v2\/types\/page"}],"author":[{"embeddable":true,"href":"https:\/\/www.vehkalahdenveikot.fi\/sm-yo2021\/wp-json\/wp\/v2\/users\/2"}],"replies":[{"embeddable":true,"href":"https:\/\/www.vehkalahdenveikot.fi\/sm-yo2021\/wp-json\/wp\/v2\/comments?post=97"}],"version-history":[{"count":2,"href":"https:\/\/www.vehkalahdenveikot.fi\/sm-yo2021\/wp-json\/wp\/v2\/pages\/97\/revisions"}],"predecessor-version":[{"id":100,"href":"https:\/\/www.vehkalahdenveikot.fi\/sm-yo2021\/wp-json\/wp\/v2\/pages\/97\/revisions\/100"}],"wp:attachment":[{"href":"https:\/\/www.vehkalahdenveikot.fi\/sm-yo2021\/wp-json\/wp\/v2\/media?parent=97"}],"curies":[{"name":"wp","href":"https:\/\/api.w.org\/{rel}","templated":true}]}}