{"id":67,"date":"2021-08-30T18:33:13","date_gmt":"2021-08-30T15:33:13","guid":{"rendered":"https:\/\/www.vehkalahdenveikot.fi\/sm-yo2021\/?page_id=67"},"modified":"2021-08-30T18:51:10","modified_gmt":"2021-08-30T15:51:10","slug":"harjoituspaketit","status":"publish","type":"page","link":"https:\/\/www.vehkalahdenveikot.fi\/sm-yo2021\/harjoituspaketit\/","title":{"rendered":"Harjoituspaketit"},"content":{"rendered":"\n<p>Katso tietoa harjoituspaketeista <a href=\"https:\/\/www.vehkalahdenveikot.fi\/suunnistus\/harjoituspaketti-2021\/\" data-type=\"URL\" data-id=\"https:\/\/www.vehkalahdenveikot.fi\/suunnistus\/harjoituspaketti-2021\/\" target=\"_blank\" rel=\"noreferrer noopener\">t\u00e4\u00e4lt\u00e4<\/a>.<\/p>\n","protected":false},"excerpt":{"rendered":"<p>Katso tietoa harjoituspaketeista t\u00e4\u00e4lt\u00e4.<\/p>\n","protected":false},"author":2,"featured_media":0,"parent":0,"menu_order":0,"comment_status":"closed","ping_status":"closed","template":"","meta":{"ngg_post_thumbnail":0,"footnotes":""},"class_list":["post-67","page","type-page","status-publish","hentry"],"_links":{"self":[{"href":"https:\/\/www.vehkalahdenveikot.fi\/sm-yo2021\/wp-json\/wp\/v2\/pages\/67","targetHints":{"allow":["GET"]}}],"collection":[{"href":"https:\/\/www.vehkalahdenveikot.fi\/sm-yo2021\/wp-json\/wp\/v2\/pages"}],"about":[{"href":"https:\/\/www.vehkalahdenveikot.fi\/sm-yo2021\/wp-json\/wp\/v2\/types\/page"}],"author":[{"embeddable":true,"href":"https:\/\/www.vehkalahdenveikot.fi\/sm-yo2021\/wp-json\/wp\/v2\/users\/2"}],"replies":[{"embeddable":true,"href":"https:\/\/www.vehkalahdenveikot.fi\/sm-yo2021\/wp-json\/wp\/v2\/comments?post=67"}],"version-history":[{"count":2,"href":"https:\/\/www.vehkalahdenveikot.fi\/sm-yo2021\/wp-json\/wp\/v2\/pages\/67\/revisions"}],"predecessor-version":[{"id":70,"href":"https:\/\/www.vehkalahdenveikot.fi\/sm-yo2021\/wp-json\/wp\/v2\/pages\/67\/revisions\/70"}],"wp:attachment":[{"href":"https:\/\/www.vehkalahdenveikot.fi\/sm-yo2021\/wp-json\/wp\/v2\/media?parent=67"}],"curies":[{"name":"wp","href":"https:\/\/api.w.org\/{rel}","templated":true}]}}