{"id":210,"date":"2021-09-25T17:29:37","date_gmt":"2021-09-25T14:29:37","guid":{"rendered":"https:\/\/www.vehkalahdenveikot.fi\/sm-yo2021\/?page_id=210"},"modified":"2021-09-26T09:16:07","modified_gmt":"2021-09-26T06:16:07","slug":"online-tulokset","status":"publish","type":"page","link":"https:\/\/www.vehkalahdenveikot.fi\/sm-yo2021\/online-tulokset\/","title":{"rendered":"L\u00e4ht\u00f6luettelot ja tulokset"},"content":{"rendered":"\n<h2 class=\"wp-block-heading\">L\u00e4ht\u00f6luettelot<\/h2>\n\n\n\n<p><a rel=\"noreferrer noopener\" href=\"https:\/\/www.vehkalahdenveikot.fi\/sm-yo2021\/wp-content\/uploads\/sites\/5\/2021\/09\/2021_SM-yo_llsar_k.html\" target=\"_blank\">H21-karsinnan l\u00e4ht\u00f6luettelo sarjoittain<\/a><br><a rel=\"noreferrer noopener\" href=\"https:\/\/www.vehkalahdenveikot.fi\/sm-yo2021\/wp-content\/uploads\/sites\/5\/2021\/09\/2021_SM-yo_llseu_k.html\" target=\"_blank\">H21-karsinnan l\u00e4ht\u00f6luettelo seuroittain<\/a><\/p>\n\n\n\n<p><br><a rel=\"noreferrer noopener\" href=\"https:\/\/www.vehkalahdenveikot.fi\/sm-yo2021\/wp-content\/uploads\/sites\/5\/2021\/09\/2021_SM-yo_llsar_f.html\" target=\"_blank\">Suorien finaalien l\u00e4ht\u00f6luettelo sarjoittain<\/a><br><a rel=\"noreferrer noopener\" href=\"https:\/\/www.vehkalahdenveikot.fi\/sm-yo2021\/wp-content\/uploads\/sites\/5\/2021\/09\/2021_SM-yo_llseu_f.html\" target=\"_blank\">Suorien finaalien l\u00e4ht\u00f6luettelo seuroittain<\/a><\/p>\n\n\n\n<p><a href=\"https:\/\/www.vehkalahdenveikot.fi\/sm-yo2021\/wp-content\/uploads\/sites\/5\/2021\/09\/2021_SM-yo_ll-H21.html\" target=\"_blank\" rel=\"noreferrer noopener\">H21 A- ja B-finaalien l\u00e4ht\u00f6luettelo<\/a><br><\/p>\n\n\n\n<h2 class=\"wp-block-heading\">Tulokset<\/h2>\n\n\n\n<p><a rel=\"noreferrer noopener\" href=\"https:\/\/online.tulospalvelu.fi\/tulokset-new\/fi\/2021_smyo\/\" target=\"_blank\">Online-seuranta<\/a><\/p>\n\n\n\n<p><a rel=\"noreferrer noopener\" href=\"https:\/\/www.vehkalahdenveikot.fi\/sm-yo2021\/wp-content\/uploads\/sites\/5\/2021\/09\/2021_SM-yo_tu_k.html\" target=\"_blank\">H21 karsinnan tulokset<\/a><br><a rel=\"noreferrer noopener\" href=\"https:\/\/www.vehkalahdenveikot.fi\/sm-yo2021\/wp-content\/uploads\/sites\/5\/2021\/09\/2021_SM-yo_va_k.html\" target=\"_blank\">H21 karsinnan v\u00e4liajat<\/a><\/p>\n\n\n\n<p><a href=\"https:\/\/www.vehkalahdenveikot.fi\/sm-yo2021\/wp-content\/uploads\/sites\/5\/2021\/09\/2021_SM-yo_tu.html\" target=\"_blank\" rel=\"noreferrer noopener\">Finaali, tulokset<\/a><br><a href=\"https:\/\/www.vehkalahdenveikot.fi\/sm-yo2021\/wp-content\/uploads\/sites\/5\/2021\/09\/2021_SM-yo_va.html\" target=\"_blank\" rel=\"noreferrer noopener\">Finaali, v\u00e4liajat<\/a><\/p>\n\n\n\n<p><\/p>\n\n\n\n<h2 class=\"wp-block-heading\">Reittih\u00e4rveli<\/h2>\n\n\n\n<p><a href=\"https:\/\/vehkalahdenveikot.fi\/cgi-bin\/reitti.cgi?act=map&amp;id=123\" target=\"_blank\" rel=\"noreferrer noopener\">H21 Karsinta<\/a><\/p>\n\n\n\n<p><a rel=\"noreferrer noopener\" href=\"https:\/\/vehkalahdenveikot.fi\/cgi-bin\/reitti.cgi?act=map&amp;id=124\" target=\"_blank\">Finaali<\/a> (Huom: H21 sarjassa h\u00e4rveli tarjoaa vain toisen perhosradan.)<\/p>\n\n\n\n<h2 class=\"wp-block-heading\">GPS-seuranta<\/h2>\n\n\n\n<p><a href=\"https:\/\/tulospalvelu.fi\/gps\/\">https:\/\/tulospalvelu.fi\/gps\/<\/a><\/p>\n\n\n\n<p><a href=\"https:\/\/tulospalvelu.fi\/gps\/2021smyoD\/\" target=\"_blank\" rel=\"noreferrer noopener\">Suora linkki D21-sarjaan<\/a><\/p>\n\n\n\n<p><a href=\"https:\/\/tulospalvelu.fi\/gps\/2021smyoH\/\" target=\"_blank\" rel=\"noreferrer noopener\">Suora linkki H21-sarjaan<\/a><\/p>\n\n\n\n<h2 class=\"wp-block-heading\">Suunnistusliigan tv-l\u00e4hetykset<\/h2>\n\n\n\n<p>Linkit tv-l\u00e4hetyksiin:<br>ISTV:&nbsp;<a rel=\"noreferrer noopener\" href=\"https:\/\/www.is.fi\/aihe\/suunnistus\/\" target=\"_blank\">https:\/\/www.is.fi\/aihe\/suunnistus\/<\/a><br>Ruutu:&nbsp;<a rel=\"noreferrer noopener\" href=\"https:\/\/www.ruutu.fi\/urheilu\" target=\"_blank\">https:\/\/www.ruutu.fi\/urheilu<\/a><\/p>\n\n\n\n<p>L\u00e4hetykset on katsottavissa j\u00e4lkik\u00e4teen Youtubesta:&nbsp;<br><a href=\"https:\/\/www.youtube.com\/channel\/UCrrxK3KjupKwgmz9SVcXwnw\" rel=\"noreferrer noopener\" target=\"_blank\">https:\/\/www.youtube.com\/channel\/UCrrxK3KjupKwgmz9SVcXwnw<\/a><\/p>\n\n\n\n<p>Suunnistusliigan sivut:&nbsp;<a rel=\"noreferrer noopener\" href=\"http:\/\/www.viestiliiga.fi\/\" target=\"_blank\">http:\/\/www.viestiliiga.fi\/<\/a><\/p>\n\n\n\n<figure class=\"wp-block-image size-medium\"><img loading=\"lazy\" decoding=\"async\" width=\"300\" height=\"300\" src=\"https:\/\/www.vehkalahdenveikot.fi\/sm-yo2021\/wp-content\/uploads\/sites\/5\/2021\/09\/SMyo1_Reitti-300x300.jpeg\" alt=\"Suunnistusliiga ISTV\" class=\"wp-image-171\" srcset=\"https:\/\/www.vehkalahdenveikot.fi\/sm-yo2021\/wp-content\/uploads\/sites\/5\/2021\/09\/SMyo1_Reitti-300x300.jpeg 300w, https:\/\/www.vehkalahdenveikot.fi\/sm-yo2021\/wp-content\/uploads\/sites\/5\/2021\/09\/SMyo1_Reitti-1024x1024.jpeg 1024w, https:\/\/www.vehkalahdenveikot.fi\/sm-yo2021\/wp-content\/uploads\/sites\/5\/2021\/09\/SMyo1_Reitti-150x150.jpeg 150w, https:\/\/www.vehkalahdenveikot.fi\/sm-yo2021\/wp-content\/uploads\/sites\/5\/2021\/09\/SMyo1_Reitti-768x768.jpeg 768w, https:\/\/www.vehkalahdenveikot.fi\/sm-yo2021\/wp-content\/uploads\/sites\/5\/2021\/09\/SMyo1_Reitti-1536x1536.jpeg 1536w, https:\/\/www.vehkalahdenveikot.fi\/sm-yo2021\/wp-content\/uploads\/sites\/5\/2021\/09\/SMyo1_Reitti-80x80.jpeg 80w, https:\/\/www.vehkalahdenveikot.fi\/sm-yo2021\/wp-content\/uploads\/sites\/5\/2021\/09\/SMyo1_Reitti-320x320.jpeg 320w, https:\/\/www.vehkalahdenveikot.fi\/sm-yo2021\/wp-content\/uploads\/sites\/5\/2021\/09\/SMyo1_Reitti.jpeg 1600w\" sizes=\"auto, (max-width: 300px) 100vw, 300px\" \/><\/figure>\n\n\n\n<h2 class=\"wp-block-heading\">O-Skills analyysit<\/h2>\n\n\n\n<p>O-Skills analyyseill\u00e4 on oma <a href=\"https:\/\/www.o-skills.fi\/kisa\/lumonite-sm-yo-2021\" target=\"_blank\" rel=\"noreferrer noopener\">SM-y\u00f6 -sivu<\/a>.<\/p>\n\n\n\n<p><\/p>\n","protected":false},"excerpt":{"rendered":"<p>L\u00e4ht\u00f6luettelot H21-karsinnan l\u00e4ht\u00f6luettelo sarjoittainH21-karsinnan l\u00e4ht\u00f6luettelo seuroittain Suorien finaalien l\u00e4ht\u00f6luettelo sarjoittainSuorien finaalien l\u00e4ht\u00f6luettelo seuroittain H21 A- ja B-finaalien l\u00e4ht\u00f6luettelo Tulokset Online-seuranta H21 karsinnan tuloksetH21 karsinnan v\u00e4liajat Finaali, tuloksetFinaali, v\u00e4liajat Reittih\u00e4rveli H21 Karsinta Finaali (Huom: H21&#46;&#46;&#46;<\/p>\n","protected":false},"author":2,"featured_media":0,"parent":0,"menu_order":0,"comment_status":"closed","ping_status":"closed","template":"","meta":{"ngg_post_thumbnail":0,"footnotes":""},"class_list":["post-210","page","type-page","status-publish","hentry"],"_links":{"self":[{"href":"https:\/\/www.vehkalahdenveikot.fi\/sm-yo2021\/wp-json\/wp\/v2\/pages\/210","targetHints":{"allow":["GET"]}}],"collection":[{"href":"https:\/\/www.vehkalahdenveikot.fi\/sm-yo2021\/wp-json\/wp\/v2\/pages"}],"about":[{"href":"https:\/\/www.vehkalahdenveikot.fi\/sm-yo2021\/wp-json\/wp\/v2\/types\/page"}],"author":[{"embeddable":true,"href":"https:\/\/www.vehkalahdenveikot.fi\/sm-yo2021\/wp-json\/wp\/v2\/users\/2"}],"replies":[{"embeddable":true,"href":"https:\/\/www.vehkalahdenveikot.fi\/sm-yo2021\/wp-json\/wp\/v2\/comments?post=210"}],"version-history":[{"count":6,"href":"https:\/\/www.vehkalahdenveikot.fi\/sm-yo2021\/wp-json\/wp\/v2\/pages\/210\/revisions"}],"predecessor-version":[{"id":233,"href":"https:\/\/www.vehkalahdenveikot.fi\/sm-yo2021\/wp-json\/wp\/v2\/pages\/210\/revisions\/233"}],"wp:attachment":[{"href":"https:\/\/www.vehkalahdenveikot.fi\/sm-yo2021\/wp-json\/wp\/v2\/media?parent=210"}],"curies":[{"name":"wp","href":"https:\/\/api.w.org\/{rel}","templated":true}]}}