{"id":20,"date":"2021-08-09T20:46:25","date_gmt":"2021-08-09T17:46:25","guid":{"rendered":"https:\/\/www.vehkalahdenveikot.fi\/sm-yo2021\/?page_id=20"},"modified":"2021-09-19T14:19:35","modified_gmt":"2021-09-19T11:19:35","slug":"kilpailukutsu","status":"publish","type":"page","link":"https:\/\/www.vehkalahdenveikot.fi\/sm-yo2021\/kilpailukutsu\/","title":{"rendered":"Kilpailukutsu"},"content":{"rendered":"\n<h1 class=\"wp-block-heading\"><strong>Kilpailukutsu<\/strong><strong><\/strong><\/h1>\n\n\n\n<p>Perjantaina 24.9.2021 H21-sarjan karsintakilpailu, lauantaina 25.9.2021 loppukilpailut<\/p>\n\n\n\n<h2 class=\"wp-block-heading\"><strong>Kilpailus\u00e4\u00e4nn\u00f6t ja \u2013ohjeet<\/strong><\/h2>\n\n\n\n<p>Kilpailussa noudatetaan IOF:n ja SSL:n s\u00e4\u00e4nt\u00f6j\u00e4, SM-kilpailuista vuodelle 2021 annettuja erillisohjeita ja j\u00e4rjest\u00e4jien antamia ohjeita. Kilpailukohtaisia tarkennuksia julkaistaan kilpailun internetsivuilla kilpailua edelt\u00e4vin\u00e4 p\u00e4ivin\u00e4.<\/p>\n\n\n\n<h2 class=\"wp-block-heading\"><strong>Kilpailun ohjeajat<\/strong><\/h2>\n\n\n\n<p>SSL:n ohjeiden mukaiset.<\/p>\n\n\n\n<h2 class=\"wp-block-heading\"><strong>Sarjat<\/strong><\/h2>\n\n\n\n<p>H21, H20, H18, H16, H15, H35, H40, H45, H50, H55, H60, H65, H70, H75, H80, H85 <br>D21, D20, D18, D16, D15, D35, D40, D45, D50, D55, D60, D65, D70, D75, D80, D85<\/p>\n\n\n\n<p>Lauantaina H21-sarjan finaalista karsiutuneille j\u00e4rjestet\u00e4\u00e4n B-finaali kansallisena kilpailuna. Suunnistuksen lajis\u00e4\u00e4nn\u00f6n mukaan SM-kilpailuun osallistuvien tulee olla IOF:n j\u00e4senliiton seuraa edustava Suomen kansalainen tai sellainen ulkomaalainen henkil\u00f6, joka edustaa Suomen Suunnistusliiton j\u00e4senseuraa. Sarjoihin H21 ja D21 osallistuva voi olla my\u00f6s ulkomaalainen IOF:n j\u00e4senliiton seuraa edustava suunnistaja, jota ei kuitenkaan oteta lukuun virallisissa SM-tuloksissa. Osallistujien alaik\u00e4raja on 15 vuotta (vuonna 2006 syntyneet).<\/p>\n\n\n\n<h2 class=\"wp-block-heading\"><strong>Ilmoittautuminen<\/strong><\/h2>\n\n\n\n<p>Ilmoittautuminen to 16.9.2021 klo 24:00 menness\u00e4. Kilpailuun ei voi j\u00e4lki-ilmoittautua eik\u00e4 my\u00f6h\u00e4styneit\u00e4 ilmoittautumisia huomioida.<\/p>\n\n\n\n<p>Ilmoittautumisvaihtoehdot:<\/p>\n\n\n\n<ol class=\"wp-block-list\"><li>Kilpailija edustaa SSL:n j\u00e4senseuraa: Ilmoittautuminen IRMA-palvelun kautta.<\/li><li>Kilpailija on Suomen kansalainen, joka edustaa IOF:n j\u00e4senliittoon kuuluvaa ulkomaalaista seuraa: Ilmoittautuminen s\u00e4hk\u00f6postitse <a>timoharju@kymp.net<\/a>. lmoittautumisajan puitteissa s\u00e4hk\u00f6postitse saapuneet ilmoittautumiset vahvistetaan vastaanotetuiksi.<\/li><\/ol>\n\n\n\n<p>Ilmoittautumisen yhteydess\u00e4 on ilmoitettava kilpailijan Emit-kortin numero. Ilmoittamatta j\u00e4tt\u00e4neille varaamme vuokrakortin, kortin vuokra 6 euroa. Vuokrakortit noudetaan k\u00e4teismaksua vastaan infosta. Palauttamattomista korteista perit\u00e4\u00e4n 100 euroa.<\/p>\n\n\n\n<p>Kilpailijan lisenssimaksu on oltava maksettuna ilmoittautumishetkell\u00e4. Kilpailijoiden on itse varmistettava l\u00e4ht\u00f6luettelosta kilpailukelpoisuutensa. Ilmoittautuneiden luettelo on n\u00e4ht\u00e4viss\u00e4 IRMA-palvelussa ja l\u00e4ht\u00f6luettelo arvonnan j\u00e4lkeen kisasivuilla viimeist\u00e4\u00e4n keskiviikkona 22.9.2021.<\/p>\n\n\n\n<h2 class=\"wp-block-heading\"><strong>Osanottomaksut<\/strong><\/h2>\n\n\n\n<p>Osanottomaksu on H21 sarjassa 46 euroa ja muissa sarjoissa 30 euroa. Maksut IRMA- palvelun kautta. Muulla tavoin tehdyn ilmoittautumisen osanottomaksu on maksettava ilmoittautumisajan p\u00e4\u00e4ttymiseen menness\u00e4 Vehkalahden Veikkojen tilille: FI38 5506 0020 0042 79.<\/p>\n\n\n\n<h2 class=\"wp-block-heading\"><strong>Leimausj\u00e4rjestelm\u00e4<\/strong><\/h2>\n\n\n\n<p>Kilpailuissa k\u00e4ytet\u00e4\u00e4n EMIT-leimausj\u00e4rjestelm\u00e4\u00e4.<\/p>\n\n\n\n<h2 class=\"wp-block-heading\"><strong>Kilpailukeskus<\/strong><\/h2>\n\n\n\n<p>Mets\u00e4kyl\u00e4n seuratalo, osoite Mets\u00e4kyl\u00e4ntie 393, Hamina. Opastus Hamina-Anjalankoski tielt\u00e4 371 pohjoisesta tuleville Liikkalassa, etel\u00e4st\u00e4 tuleville Husulan kiertoliittym\u00e4ss\u00e4  sek\u00e4   VT 15 ja 3712 risteyksest\u00e4. Kilpailukeskuksessa on kahvio ja ruokamyyntikoju.<\/p>\n\n\n\n<h2 class=\"wp-block-heading\"><strong>Pys\u00e4k\u00f6inti<\/strong><\/h2>\n\n\n\n<p>Pys\u00e4k\u00f6inti toteutetaan l\u00e4heisille hiekkakentille sek\u00e4 tienvarsille. K\u00e4velymatka kilpailukeskukseen on enint\u00e4\u00e4n 1,5 km. Pys\u00e4k\u00f6intij\u00e4rjestelyist\u00e4 tiedotetaan kilpailun nettisivuilla l\u00e4hemp\u00e4n\u00e4 tapahtumaa. Pys\u00e4k\u00f6intimaksu on 5&nbsp; euroa\/p\u00e4iv\u00e4.<\/p>\n\n\n\n<h2 class=\"wp-block-heading\"><strong>L\u00e4hd\u00f6t ja l\u00e4ht\u00f6kynnys<\/strong><\/h2>\n\n\n\n<p>H21-sarjan karsinta alkaa perjantaina 24.9.2021 klo 20.30. Karsinnan l\u00e4ht\u00f6\u00f6n matkaa n. 1 km. Loppukilpailujen l\u00e4hd\u00f6t alkavat lauantaina 25.9.2021 klo 20.30. Lauantain l\u00e4ht\u00f6ihin matkaa enint\u00e4\u00e4n 1,5 km. Kilpailussa ei k\u00e4ytet\u00e4 l\u00e4ht\u00f6kynnyst\u00e4. L\u00e4ht\u00f6paikoilta j\u00e4rjestet\u00e4\u00e4n varustekuljetus maaliin.<\/p>\n\n\n\n<h2 class=\"wp-block-heading\"><strong>Maasto<\/strong><\/h2>\n\n\n\n<p>Maasto on parasta kymenlaaksolaista y\u00f6suunnistusmaastoa. Maastopohja on p\u00e4\u00e4osin hyv\u00e4. Suurimmat korkeuserot ovat n. 50 m. M\u00e4kien rinteet ovat monin paikoin pienipiirteisi\u00e4. Reitinvalintamahdollisuuksia lis\u00e4\u00e4v\u00e4t mets\u00e4tiet ja polut.<\/p>\n\n\n\n<h2 class=\"wp-block-heading\"><strong>Kartta<\/strong><\/h2>\n\n\n\n<p>Mittakaava on H\/D50-85 sarjoissa 1:7 500, muilla 1:10 000. K\u00e4yr\u00e4v\u00e4li on 5 m, kartta offsetpainettu 9\/2021. Kartta on muovisuojuksessa. Kartoitus: Janne Weckman.<\/p>\n\n\n\n<h2 class=\"wp-block-heading\"><strong>GPS-seuranta<\/strong><\/h2>\n\n\n\n<p>GPS-seuranta: H21, A-finaali, kaikki osallistujat. D21, A-finaali, 25 kpl j\u00e4rjest\u00e4jien valitsemaa kilpailijaa. Laitteet jaetaan l\u00e4ht\u00f6paikalla ja niiden k\u00e4ytt\u00e4minen on pakollista. Tarkat ohjeet selvi\u00e4v\u00e4t kilpailuohjeista.<\/p>\n\n\n\n<h2 class=\"wp-block-heading\"><strong>Palkinnot<\/strong><\/h2>\n\n\n\n<p>SM-kilpailujen tulosten kolme parasta palkitaan mitalilla ja lis\u00e4ksi sarjojen 3 parasta palkitaan kunniapalkinnolla. Lis\u00e4ksi sarjojen H\/D15-21 sijoille 4\u201310 sijoittuneet sek\u00e4 sarjojen H\/D35-85 sijoille 4-6 sijoittuneet palkitaan SSL:n ohjeiden mukaan.<\/p>\n\n\n\n<h2 class=\"wp-block-heading\"><strong>Tiedotus<\/strong><\/h2>\n\n\n\n<p>Kilpailun nettisivut l\u00f6ytyv\u00e4t osoitteesta <a href=\"https:\/\/www.vehkalahdenveikot.fi\/sm-yo2021\/\">https:\/\/www.vehkalahdenveikot.fi\/sm-yo2021\/<\/a><\/p>\n\n\n\n<h2 class=\"wp-block-heading\"><strong>Koronavirussuositukset&nbsp;<\/strong><\/h2>\n\n\n\n<p>Kilpailijoiden, yleis\u00f6n ja j\u00e4rjest\u00e4jien on noudatettava voimassa olevia viranomaissuosituksia. Kilpailukeskuksessa, matkalla l\u00e4ht\u00f6\u00f6n, l\u00e4hd\u00f6ss\u00e4, maastossa ja maalissa on noudatettava viranomaisten antamaa suositusta turvav\u00e4list\u00e4.&nbsp;<\/p>\n\n\n\n<p>Kilpailukeskuksessa on tarjolla k\u00e4sidesipisteit\u00e4 wc:n yhteydess\u00e4, l\u00e4ht\u00f6paikoilla, maalissa ja kilpailukeskusrakennuksen sis\u00e4\u00e4n- ja ulosk\u00e4ynniss\u00e4. Nollaleimasimet ja maalileimasimet desinfioidaan s\u00e4\u00e4nn\u00f6llisesti kilpailun aikana.&nbsp;<\/p>\n\n\n\n<p>Tulostaulupalvelua ei j\u00e4rjestet\u00e4 kokoontumisen v\u00e4ltt\u00e4miseksi.<\/p>\n\n\n\n<h2 class=\"wp-block-heading\"><strong>Kilpailuorganisaatio<\/strong><\/h2>\n\n\n\n<p>Kilpailunjohtaja Ari Kukkonen <a>ari.kukkonen@kymp.net<\/a>, 045&nbsp;319 2882&nbsp;<\/p>\n\n\n\n<p>Ratamestariryhm\u00e4n johtaja Janne Weckman <a>janne.weckman@gmail.com<\/a>&nbsp;<\/p>\n\n\n\n<p>Karsinnan ratamestari Tuomas Mattila <a>jtmattil@gmail.com<\/a><\/p>\n\n\n\n<p>Finaalien ratamestari Daniel Koivisto <a>daniel.jh.koivisto@gmail.com<\/a>&nbsp;<\/p>\n\n\n\n<p>Tiedottaja Anniina Heikkinen <a>anniina.heikkinen@vehkalahdenveikot.fi<\/a><\/p>\n\n\n\n<p>050&nbsp;385 2453&nbsp;&nbsp;<\/p>\n\n\n\n<p>TA Simo Martomaa<\/p>\n\n\n\n<p>Ratavalvoja Visa Sippu <a>visa.sippu@kymp.net<\/a>&nbsp;<\/p>\n\n\n\n<p><\/p>\n\n\n\n<h3 class=\"wp-block-heading\"><strong>Tervetuloa suunnistamaan SM-y\u00f6h\u00f6n!<\/strong><\/h3>\n\n\n\n<p><em>Vehkalahden Veikot<\/em><\/p>\n","protected":false},"excerpt":{"rendered":"<p>Kilpailukutsu Perjantaina 24.9.2021 H21-sarjan karsintakilpailu, lauantaina 25.9.2021 loppukilpailut Kilpailus\u00e4\u00e4nn\u00f6t ja \u2013ohjeet Kilpailussa noudatetaan IOF:n ja SSL:n s\u00e4\u00e4nt\u00f6j\u00e4, SM-kilpailuista vuodelle 2021 annettuja erillisohjeita ja j\u00e4rjest\u00e4jien antamia ohjeita. Kilpailukohtaisia tarkennuksia julkaistaan kilpailun internetsivuilla kilpailua edelt\u00e4vin\u00e4 p\u00e4ivin\u00e4.&#46;&#46;&#46;<\/p>\n","protected":false},"author":2,"featured_media":0,"parent":0,"menu_order":0,"comment_status":"closed","ping_status":"closed","template":"","meta":{"ngg_post_thumbnail":0,"footnotes":""},"class_list":["post-20","page","type-page","status-publish","hentry"],"_links":{"self":[{"href":"https:\/\/www.vehkalahdenveikot.fi\/sm-yo2021\/wp-json\/wp\/v2\/pages\/20","targetHints":{"allow":["GET"]}}],"collection":[{"href":"https:\/\/www.vehkalahdenveikot.fi\/sm-yo2021\/wp-json\/wp\/v2\/pages"}],"about":[{"href":"https:\/\/www.vehkalahdenveikot.fi\/sm-yo2021\/wp-json\/wp\/v2\/types\/page"}],"author":[{"embeddable":true,"href":"https:\/\/www.vehkalahdenveikot.fi\/sm-yo2021\/wp-json\/wp\/v2\/users\/2"}],"replies":[{"embeddable":true,"href":"https:\/\/www.vehkalahdenveikot.fi\/sm-yo2021\/wp-json\/wp\/v2\/comments?post=20"}],"version-history":[{"count":8,"href":"https:\/\/www.vehkalahdenveikot.fi\/sm-yo2021\/wp-json\/wp\/v2\/pages\/20\/revisions"}],"predecessor-version":[{"id":112,"href":"https:\/\/www.vehkalahdenveikot.fi\/sm-yo2021\/wp-json\/wp\/v2\/pages\/20\/revisions\/112"}],"wp:attachment":[{"href":"https:\/\/www.vehkalahdenveikot.fi\/sm-yo2021\/wp-json\/wp\/v2\/media?parent=20"}],"curies":[{"name":"wp","href":"https:\/\/api.w.org\/{rel}","templated":true}]}}