{"id":153,"date":"2021-09-23T21:14:05","date_gmt":"2021-09-23T18:14:05","guid":{"rendered":"https:\/\/www.vehkalahdenveikot.fi\/sm-yo2021\/?page_id=153"},"modified":"2021-09-23T21:14:08","modified_gmt":"2021-09-23T18:14:08","slug":"pa-svenska","status":"publish","type":"page","link":"https:\/\/www.vehkalahdenveikot.fi\/sm-yo2021\/pa-svenska\/","title":{"rendered":"P\u00e5 svenska"},"content":{"rendered":"\n<p>[tabby title=&#8221;Kortfattad&#8221;]<\/p>\n\n\n\n<p><strong>LUMONITE FM-NATT 2021 \u00e4r 110 \u00e5rs jubileumst\u00e4vling f\u00f6r Vehkalahden Veikot 24.9. &#8211; 25.9.2021<\/strong><\/p>\n\n\n\n<p><strong>PRELIMIN\u00c4RA T\u00c4VLINGSDIREKTIV. Slutliga direktiven p\u00e5 TC. <\/strong><\/p>\n\n\n\n<p><strong>Sammanfattning f\u00f6r dem som har ont om tid.<\/strong><\/p>\n\n\n\n<p><strong>Kval fredag 24.9.2020<\/strong><\/p>\n\n\n\n<ul class=\"wp-block-list\"><li>TC:n \u00e4r vid Mets\u00e4kyl\u00e4 seuratalo, address: Mets\u00e4kyl\u00e4ntie 393, Hamina.<\/li><li>V\u00e4gvisningen b\u00f6rjar fr\u00e5n rondellen i Husula (Husupy\u00f6lintie), p\u00e5 v\u00e4g 371 i Liikkala(Aholanm\u00e4entie) samt i korsningen av VT15 och 3721. P\u00e5 fredag kl. 16.30.<\/li><li>Parkeringsavgiften 5e betalas kontant vid ing\u00e5ng till parkeringen, ha g\u00e4rna j\u00e4mna pengar.<\/li><li>F\u00f6rsta start kl. 20.30.<\/li><li>Nummerlappar finns i TC vid husets huvuding\u00e5ng, egna s\u00e4kerhetsn\u00e5lar.<\/li><li>Avst\u00e5nd till start 2200m l\u00e4ngs v\u00e4g, l\u00e4mna inte snitseln.<\/li><li>Det finns toalett vid startsnitseln.<\/li><li>I kvalet anv\u00e4nds distansm\u00e5l. T\u00e4vlanden st\u00e4mplar vid distansm\u00e5let och tidtagningen slutar d\u00e4r. Sedan f\u00f6ljs snitseln till TC:n d\u00e4r st\u00e4mpelkontrollen finns.<\/li><li>Kl\u00e4dtransport arrangeras&nbsp;<strong>fr\u00e5n start till distansm\u00e5l<\/strong>. Ta med en egen p\u00e5se f\u00f6r kl\u00e4derna.<\/li><li>17 snabbaste i varje kvalheat g\u00e5r vidare till A-finalen.&nbsp;<strong>Final l\u00f6rdag 25.9.2021<\/strong><\/li><\/ul>\n\n\n\n<ul class=\"wp-block-list\"><li>TC:n \u00e4r vid Mets\u00e4kyl\u00e4 seuratalo, address: Mets\u00e4kyl\u00e4ntie 393, Hamina.<\/li><li>V\u00e4gvisningen b\u00f6rjar fr\u00e5n rondellen i Husula (Husupy\u00f6lintie), p\u00e5 v\u00e4g 371 i Liikkala(Aholanm\u00e4entie) samt i korsningen av VT15 och 3721. P\u00e5 fredag kl. 16.30.<\/li><li>Parkeringsavgiften 5e betalas kontant vid ing\u00e5ng till parkeringen, ha g\u00e4rna j\u00e4mna pengar.<\/li><li>Det finns m\u00e5nga parkeringsplatser, avst\u00e5nd till TC:n 0,3-1,5km. Alla husbilar och &#8211; vagnar, stora sk\u00e5pbilar samt bussar parkeras p\u00e5 h\u00e5rt underlag, avst\u00e5nd till TC:n 1,5km. F\u00f6rhandsanm\u00e4lan om dessa till laitinennikop@gmail.com.<\/li><li>Det finns toalett och restaurang vid denna parkering l\u00e4ngst borta, \u00f6ppen kl. 19-21.30. Kontant och kortbetalning.<\/li><li>Det anv\u00e4nds inte en starttr\u00f6skel.<\/li><li>Avst\u00e5nd till start: Start 1: 1,2km, start 2: 1,3km, l\u00e4ngs v\u00e4g. Snitseln har reflex.Starterna ligger n\u00e4ra varandra.<\/li><li>F\u00f6rsta start kl. 20.30.<\/li><li>Det finns toalett vid startsnitseln.<\/li><li>Nummerlappar finns i TC vid husets huvuding\u00e5ng, egna s\u00e4kerhetsn\u00e5lar. I B-finalen i 21 anv\u00e4nds nummerlappar fr\u00e5n kvalet.<\/li><li>Kl\u00e4dtransport arrangeras fr\u00e5n startsnitseln till TC:n. Ta med en egen p\u00e5se f\u00f6r kl\u00e4derna och skriv ditt t\u00e4vlingsnummer p\u00e5 p\u00e5sen.<\/li><li>Ocks\u00e5 kortbetalning p\u00e5 restaurang.<\/li><li>H21 klassen har i finalen en sk. fj\u00e4rilsgaffling. L\u00f6pare med udda startnummer tar kartan H21-1 och l\u00f6pare med j\u00e4mna startnummer tar kartan H21-2.<\/li><\/ul>\n\n\n\n<p>[tabby title=&#8221;T\u00e4vlingsdirektiv&#8221;]<\/p>\n\n\n\n<p><strong>Arrang\u00f6r<\/strong><br>Vehkalahden Veikot ansvarar f\u00f6r arrangemanget av 2021 Lumonite FM nattorientering.<\/p>\n\n\n\n<p><br><strong>T\u00e4vlingsregler och instruktioner<\/strong><br>I t\u00e4vlingen g\u00e4ller SSL:s grenregler, specialdirektiven f\u00f6r FM-t\u00e4vlingar f\u00f6r \u00e5r 2021 samt arrang\u00f6rens anvisningar och myndigheternas pandemibegr\u00e4nsningar- och instruktioner.<\/p>\n\n\n\n<p><strong>TC:n<\/strong><\/p>\n\n\n\n<p>TC:n ligger i Mets\u00e4kyl\u00e4 i Fredrikshamn, \u00f6ppnas p\u00e5 fredag 24.9. kl. 18.00. Address: Mets\u00e4kyl\u00e4ntie 393, Hamina. Ingen \u00f6ppen eld i TC:n eller parkeringen. L\u00e4mna inte skr\u00e4p efter dig. Det finns inte plats f\u00f6r vindskydd i TC:n.<\/p>\n\n\n\n<p><strong>Parkering och v\u00e4gvisning<\/strong><\/p>\n\n\n\n<p>V\u00e4gvisning fr.o.m. fredag 24.9. kl. 16.30. Sam\u00e5kning rekommenderas. Det finns m\u00e5nga parkeringsplatser, avst\u00e5nd till TC:n 0,3-1,5km. F\u00f6lj anvisningarna. Parkeringsavgiften 5e betalas kontant vid ing\u00e5ng till parkeringen, ha g\u00e4rna j\u00e4mna pengar.<\/p>\n\n\n\n<p>Alla husbilar och -vagnar, stora sk\u00e5pbilar samt bussar parkeras p\u00e5 h\u00e5rt underlag, avst\u00e5nd till TC:n 1,5km. F\u00f6rhandsanm\u00e4lan om dessa till <a>laitinennikop@gmail.com<\/a>.<\/p>\n\n\n\n<p>VIP-parkeringen i n\u00e4rheten av TC:n.<\/p>\n\n\n\n<p><strong>Terr\u00e4ng och banor<\/strong><\/p>\n\n\n\n<p>Kvalterr\u00e4ngen best\u00e5r av moskog och berg med n\u00e5gra skogsv\u00e4gar. Terr\u00e4ngen har inga stora h\u00f6jdskillnader, som mest 30m. Det finns flera f\u00f6rbjudna omr\u00e5den som ocks\u00e5 \u00e4r markerade p\u00e5 kartan. Det finns inga reflexer p\u00e5 kontrollerna. Kom ih\u00e5g att kolla koderna, p\u00e5 n\u00e5gra st\u00e4llen st\u00e5r kontrollerna ganska n\u00e4ra varandra.<\/p>\n\n\n\n<p>Finalterr\u00e4ngen har st\u00f6rre h\u00f6jdskillnader och mera svart och gr\u00f6nt p\u00e5 kartan. P\u00e5 l\u00e4ngre banor finns ocks\u00e5 mycket detaljrika omr\u00e5den, l\u00f6pbarheten \u00e4r till st\u00f6rsta delen god. M\u00e5ttliga h\u00f6jdskillnader f\u00f6r de kortare banorna. I slutet av alla banor finns t\u00e4tare skog d\u00e4r man ska vara noga med orienteringen. Det finns rikligt med v\u00e4gar och stigar i terr\u00e4ngen. Otydligare k\u00f6rsp\u00e5r \u00e4r markerade med en gul linje p\u00e5 kartan.<\/p>\n\n\n\n<p>Det finns ganska m\u00e5nga f\u00f6rbjudna omr\u00e5den i terr\u00e4ngen; en skjutbana, plantskogar och naturskyddsomr\u00e5den. Banorna f\u00f6r H\/D21 passerar en skyddad s\u00e4nka vid ett dike d\u00e4r man m\u00e5ste anv\u00e4nda \u00f6verg\u00e5ngsst\u00e4llen p\u00e5 kartan. St\u00e4llvis \u00e4r f\u00f6rbjudna omr\u00e5den markerade ocks\u00e5 i terr\u00e4ngen. Tv\u00e5 f\u00f6rbjudna v\u00e4gar \u00e4r markerade p\u00e5 kartan med kryss.<\/p>\n\n\n\n<p>H21 klassen har i finalen sk fj\u00e4rilsgaffling. L\u00f6pare med udda startnummer tar kartan H21-1 och l\u00f6pare med j\u00e4mna startnummer tar kartan H21-2.<\/p>\n\n\n\n<p><strong>Karta<\/strong><br>Skala 1:10 000 f\u00f6r klasserna H\/D 15-21 och H\/D35-45. F\u00f6r klasserna H\/D50-85 skalan \u00e4r 1:7 500. Ekvidistans f\u00f6r alla klasser 5 m. Kartan \u00e4r ritad av Janne Weckman. CMYK offsettryck 9\/2021. Kartorna finns till p\u00e5seende i startf\u00e5llan. Kartorna \u00e4r i slutna plastfodral. T\u00e4vlingskartans storlek \u00e4r A4 i fredagens H21-kvalt\u00e4vling och A3 i l\u00f6rdagens final.<br><br>T\u00e4vlande l\u00e4gger kartan efter m\u00e5lg\u00e5ng i f\u00f6reningens kartp\u00e5se. Kartp\u00e5sarna \u00e4r markerade med f\u00f6reningarnas namn i alfabetisk ordning. Kartorna kan h\u00e4mtas tillbaka av en person efter sista start. Kartp\u00e5sen kan \u00e4ven skickas via post till f\u00f6reningen, 10\/15\u20ac \/ kartp\u00e5se. Betalning p\u00e5 f\u00f6rhand i infon.<\/p>\n\n\n\n<p><strong>Kontrolldefinitioner<\/strong><br>L\u00f6sa kontrolldefinitioner finns f\u00f6r alla klasser i startf\u00e5llorna. Se skissen under \u201dStarter och startprocedurer\u201d. Det erbjuds inget material f\u00f6r att f\u00e4sta kontrolldefinitionerna. Kontrolldefinitionerna \u00e4r \u00e4ven tryckta p\u00e5 kartan.&nbsp;<\/p>\n\n\n\n<p><br><strong>Kontroller<\/strong><br>Kontrollerna har Emit-st\u00e4mpel och \u00e4r markerade med kontrollsk\u00e4rm. Modellkontroll finns i t\u00e4vlingscentralen vid infop\u00e5len. Vi rekommenderar att testa Emit-kortets funktion vid modellkontrollen.<\/p>\n\n\n\n<p><strong>Banl\u00e4ngder och startplatser:<\/strong><\/p>\n\n\n\n<figure class=\"wp-block-table\"><table><tbody><tr><td>kval<\/td><td>banl\u00e4ngd<\/td><td>skala<\/td><td>start<\/td><td>kontroller<\/td><\/tr><tr><td>H21K1<\/td><td>6,9<\/td><td>1:10 000<\/td><td>K<\/td><td>13<\/td><\/tr><tr><td>H21K2<\/td><td>6,9<\/td><td>1:10 000<\/td><td>K<\/td><td>13<\/td><\/tr><tr><td>H21K3<\/td><td>6,9<\/td><td>1:10 000<\/td><td>K<\/td><td>11<\/td><\/tr><tr><td><\/td><td><\/td><td><\/td><td><\/td><td><\/td><\/tr><tr><td>final<\/td><td><\/td><td><\/td><td><\/td><td><\/td><\/tr><tr><td>H21<\/td><td>11,7<\/td><td>1:10 000<\/td><td>1<\/td><td>26<\/td><\/tr><tr><td>H20<\/td><td>8,4<\/td><td>1:10 000<\/td><td>1<\/td><td>15<\/td><\/tr><tr><td>H18<\/td><td>7,6<\/td><td>1:10 000<\/td><td>1<\/td><td>13<\/td><\/tr><tr><td>H16<\/td><td>6<\/td><td>1:10 000<\/td><td>1<\/td><td>11<\/td><\/tr><tr><td>H15<\/td><td>4,2<\/td><td>1:10 000<\/td><td>1<\/td><td>10<\/td><\/tr><tr><td>H35<\/td><td>8,9<\/td><td>1:10 000<\/td><td>1<\/td><td>15<\/td><\/tr><tr><td>H40<\/td><td>8,9<\/td><td>1:10 000<\/td><td>1<\/td><td>15<\/td><\/tr><tr><td>H45<\/td><td>8,3<\/td><td>1:10 000<\/td><td>1<\/td><td>15<\/td><\/tr><tr><td>H50<\/td><td>7,4<\/td><td>1:7 500<\/td><td>1<\/td><td>12<\/td><\/tr><tr><td>H55<\/td><td>7,2<\/td><td>1:7 500<\/td><td>1<\/td><td>11<\/td><\/tr><tr><td>H60<\/td><td>6,7<\/td><td>1:7 500<\/td><td>1<\/td><td>11<\/td><\/tr><tr><td>H65<\/td><td>5,4<\/td><td>1:7 500<\/td><td>1<\/td><td>12<\/td><\/tr><tr><td>H70<\/td><td>3,7<\/td><td>1:7 500<\/td><td>1<\/td><td>9<\/td><\/tr><tr><td>H75<\/td><td>3,5<\/td><td>1:7 500<\/td><td>2<\/td><td>11<\/td><\/tr><tr><td>H80<\/td><td>2,6<\/td><td>1:7 500<\/td><td>2<\/td><td>9<\/td><\/tr><tr><td>H85<\/td><td>2<\/td><td>1:7 500<\/td><td>2<\/td><td>8<\/td><\/tr><tr><td>D21<\/td><td>8,7<\/td><td>1:10 000<\/td><td>1<\/td><td>17<\/td><\/tr><tr><td>D20<\/td><td>6,7<\/td><td>1:10 000<\/td><td>1<\/td><td>11<\/td><\/tr><tr><td>D18<\/td><td>6,2<\/td><td>1:10 000<\/td><td>1<\/td><td>10<\/td><\/tr><tr><td>D16<\/td><td>4,2<\/td><td>1:10 000<\/td><td>1<\/td><td>10<\/td><\/tr><tr><td>D15<\/td><td>3,9<\/td><td>1:10 000<\/td><td>1<\/td><td>8<\/td><\/tr><tr><td>D35<\/td><td>6,7<\/td><td>1:10 000<\/td><td>1<\/td><td>11<\/td><\/tr><tr><td>D40<\/td><td>5,4<\/td><td>1:10 000<\/td><td>1<\/td><td>12<\/td><\/tr><tr><td>D45<\/td><td>5,2<\/td><td>1:10 000<\/td><td>1<\/td><td>11<\/td><\/tr><tr><td>D50<\/td><td>4,9<\/td><td>1:7 500<\/td><td>1<\/td><td>13<\/td><\/tr><tr><td>D55<\/td><td>4,9<\/td><td>1:7 500<\/td><td>1<\/td><td>13<\/td><\/tr><tr><td>D60<\/td><td>3,3<\/td><td>1:7 500<\/td><td>2<\/td><td>10<\/td><\/tr><tr><td>D65<\/td><td>3,0<\/td><td>1:7 500<\/td><td>2<\/td><td>10<\/td><\/tr><tr><td>D70<\/td><td>2,6<\/td><td>1:7 500<\/td><td>2<\/td><td>9<\/td><\/tr><tr><td>D75<\/td><td>2<\/td><td>1:7 500<\/td><td>2<\/td><td>8<\/td><\/tr><tr><td>D80<\/td><td>1,8<\/td><td>1:7 500<\/td><td>2<\/td><td>6<\/td><\/tr><tr><td>D85<\/td><td>1,8<\/td><td>1:7 500<\/td><td>2<\/td><td>6<\/td><\/tr><tr><td>H21B<\/td><td>8,9<\/td><td>1:10 000<\/td><td>1<\/td><td>17<\/td><\/tr><\/tbody><\/table><\/figure>\n\n\n\n<p><strong>GPS-uppf\u00f6ljning<\/strong><br>GPS-uppf\u00f6ljning anv\u00e4nds i final i D21- och H21A-klasser. GPS-enheterna delas i start. GPS-v\u00e4starna delas vid Info i TC:n. Det \u00e4r obligatoriskt att anv\u00e4nda en GPS-enhet. Utrustningen l\u00e4mnas i m\u00e5l efter t\u00e4vlingen.<\/p>\n\n\n\n<p><strong>Kl\u00e4dtransport&nbsp;<\/strong><\/p>\n\n\n\n<p>I kvalet arrangeras kl\u00e4dtransport <strong>fr\u00e5n start till fj\u00e4rrm\u00e5l. I <\/strong>l\u00f6rdagens final arrangeras kl\u00e4dtransport fr\u00e5n startsnitseln (samma plats f\u00f6r start 1 och 2) till t\u00e4vlingscentrum.<br>Ta med en egen kasse eller p\u00e5se f\u00f6r dina kl\u00e4der och skriv ditt t\u00e4vlingsnummer p\u00e5 den. Uppge \u00e4ven ditt namn och telefonnummer. Arrang\u00f6rerna erbjuder inga p\u00e5sar.<\/p>\n\n\n\n<p><strong>Avst\u00e5nd till start<\/strong><br>Snitseln till start b\u00f6rjar vid infop\u00e5len i TC:n. Det \u00e4r till\u00e5tet att g\u00e5 till starten endast l\u00e4ngs snitseln som \u00e4r markerad med reflex. P\u00e5 l\u00f6rdag ligger start 1 och 2 n\u00e4ra varandra. V\u00e4gen till start \u00e4r mestadels l\u00e4ngs v\u00e4g \u2013 h\u00e5ll dig till v\u00e4gkanten! G\u00e5 till start s\u00e5 att du \u00e4r d\u00e4r precis innan din starttid, inte f\u00f6r tidigt. Avst\u00e5nd: p\u00e5 fredag 2200m, p\u00e5 l\u00f6rdag: start 1 1200m och start 2 1300m.<\/p>\n\n\n\n<p><strong>Starttider<\/strong><br>Starttiderna utg\u00f6rs enligt Finlands Orienteringsf\u00f6rbunds direktiv och specialdirektiven f\u00f6r FM-t\u00e4vlingar f\u00f6r \u00e5r 2021. Starttider f\u00f6r kvalet och de raka finalt\u00e4vlingarna publiceras senast p\u00e5 onsdagen 22.9. p\u00e5 t\u00e4vlingens websida. Starttider finns ocks\u00e5 till p\u00e5seende under t\u00e4vlingsdagarna p\u00e5 t\u00e4vlingscentrums anslagstavla och vid starten.<br><br>Starttider f\u00f6r H21 A- och B-finaler publiceras p\u00e5 t\u00e4vlingens websida efter kvalt\u00e4vlingens resultat \u00e4r klara. Starttider finns ocks\u00e5 till p\u00e5seende p\u00e5 l\u00f6rdagen p\u00e5 anslagstavlan i TC och vid startplatser.<br><br>De l\u00f6pare i H21 som inte kvalar sig till A finalen placeras i en B final. Startordningen f\u00f6r l\u00f6rdagens H21 B-final avg\u00f6rs s\u00e5 att de som \u00e4r b\u00e4st i kvalet startar sist. \u00c4ven B finalen har mellantidsstart. L\u00f6pare som har anm\u00e4lt sig till H21 -kvalt\u00e4vlingen, men inte startar p\u00e5 fredagen, f\u00e5r t\u00e4vla i B-finalen.<br><br>I kvalet \u00e4r startintervallen 2 min. I l\u00f6rdagens final \u00e4r startintervallen klassvis 2-4 min enligt startlistan.<\/p>\n\n\n\n<p><strong>Start och startfunktioner<\/strong><\/p>\n\n\n\n<p>I kvalet \u00e4r f\u00f6rsta start p\u00e5 fredag 24.9. kl 20.30, en startplats.&nbsp;<\/p>\n\n\n\n<p>Finalens f\u00f6rsta start p\u00e5 l\u00f6rdag 25.9. kl 20.30, tv\u00e5 startplatser.<br>Start 1: H15 \u2013 H70, D15-D55, H21B<br>Start 2: H75-H85, D60-D85<\/p>\n\n\n\n<p>Startfunktioner<\/p>\n\n\n\n<figure class=\"wp-block-image\"><img decoding=\"async\" src=\"https:\/\/lh4.googleusercontent.com\/jPNXDtIgUrPc_Cd7dpGGAmUBLPGoCmQrSnYy9GSQa4vDR4sQqHTFNjD8jZI-iMY3fyE-rItdW2AmNSeRyaSYFePM2mbntBZ-SStzNj00Lko2FB84w7oRVzV0-C0SHrx8hoxp_qY=s0\" alt=\"\"\/><\/figure>\n\n\n\n<p><strong>T\u00e4vlingsnummer<\/strong><br>Alla deltagare anv\u00e4nder t\u00e4vlingsnummer. De som startar i A-finalen f\u00f6r H21-klassen f\u00e5r ett nytt t\u00e4vlingsnummer p\u00e5 l\u00f6rdagen. Nummerlapparna kan h\u00e4mtas vid info i TC:n. De som t\u00e4vlar i H21B-final anv\u00e4nder kvalets t\u00e4vlingsnummer. T\u00e4vlande \u00e4r sj\u00e4lv ansvariga f\u00f6r att ta sitt eget t\u00e4vlingsnummer. T\u00e4vlande ska ha egna s\u00e4kerhetsn\u00e5lar. Nummerlapparna f\u00e5r ej vikas.<\/p>\n\n\n\n<p><strong>Emit-st\u00e4mpling<\/strong><br>I t\u00e4vlingen anv\u00e4nds Emit-st\u00e4mplingssystem. Kontrollera vid infop\u00e5len att din Emit -bricka fungerar. Kontrollera ocks\u00e5 ditt Emit-nummer i startlistan. Om din Emit-bricka inte fungerar, f\u00e5r du en hyresbricka fr\u00e5n Info. Alla ovann\u00e4mda \u00e5tg\u00e4rder \u00e4r p\u00e5 t\u00e4vlandes ansvar. Om man har fel Emit-nummer, leder det till diskvalifikation.<br>Om Emit-brickans nummer \u00e4r fel, meddela detta p\u00e5 f\u00f6rhand per e-post: timoharju@kymp.net &nbsp;<br>senast torsdagen 24.9 kl 21.00. Efter detta kostar Emit-brickans nummer\u00e4ndringar 5 euro\/\u00e4ndring och \u00e4ndringen ska g\u00f6ras i info f\u00f6re start. Emit-brickans nummer\u00e4ndring \u00e4r inte m\u00f6jlig vid startplatserna.&nbsp;<\/p>\n\n\n\n<p>Om man vill hyra en emit-bricka, kan man g\u00f6ra det i Info. Hyrbrickan kostar 6\u20ac. F\u00f6r icke tillbakal\u00e4mnad hyrbricka debiteras 100\u20ac.&nbsp;<\/p>\n\n\n\n<p>Emit- brickans kontrollkort finns b\u00e5de i TC:n och p\u00e5 startplatserna. S\u00e4tt fast kortet med tejp.<\/p>\n\n\n\n<p><strong>T\u00e4vlingsskor<\/strong><br>Det \u00e4r f\u00f6rbjudet att anv\u00e4nda spikskor. Dubbskor \u00e4r till\u00e5tna.&nbsp;<\/p>\n\n\n\n<p><br><strong>F\u00f6rbjudna omr\u00e5den<\/strong><br>F\u00f6rbjudna omr\u00e5den har m\u00e4rkts p\u00e5 kartan och i terr\u00e4ngen enligt reglerna. F\u00f6rbjudna omr\u00e5dena har utm\u00e4rkts i terr\u00e4ngen med r\u00f6dgul snitsel.<br><br><strong>V\u00e4tska<\/strong><br>P\u00e5 fredagens kvalt\u00e4vling finns inga v\u00e4tskekontroller i terr\u00e4ngen. P\u00e5 l\u00f6rdagens final finns<br>v\u00e4tskekontroller med vatten i terr\u00e4ngen.<\/p>\n\n\n\n<p><strong>F\u00f6rsta hj\u00e4lp<\/strong><br>Det finns f\u00f6rsta hj\u00e4lp i TC:n och i terr\u00e4ngen vid v\u00e4tskekontrollerna. F\u00f6rstahj\u00e4lpsgruppen har beredskap att h\u00e4mta skadade fr\u00e5n terr\u00e4ngen. F\u00f6rsta hj\u00e4lp -gruppens nummer \u00e4r 040 5271 666. Allm\u00e4nna n\u00f6dnumret \u00e4r 112, kom \u00e4ven ih\u00e5g mobilappen 112 Finland.&nbsp;<\/p>\n\n\n\n<p><br><strong>Online<\/strong><br>P\u00e5 fredagens kvalt\u00e4vling finns en online -kontroll. P\u00e5 l\u00f6rdagens final finns flera online kontroller och mellantiderna fr\u00e5n dessa kan ses p\u00e5 t\u00e4vlingens hemsida.<\/p>\n\n\n\n<p><strong>Fotografering<\/strong><br>Under b\u00e5de kvalet och finalen kan det finnas fotografer i terr\u00e4ngen och i TC:n. T\u00e4vling \u00e4r en officiell tillst\u00e4llning och d\u00e5 kan arrang\u00f6rerna fotografera och publicera material bl.a. p\u00e5 sin websida och i media.&nbsp;<\/p>\n\n\n\n<p><br><strong>TV-s\u00e4ndning<\/strong><br>Enligt SSL:s grenregler f\u00e5r t\u00e4vlande inte visa t\u00e4vlingskartan och -banan till andra t\u00e4vlande eller tr\u00e4nare. Detta g\u00e4ller ocks\u00e5 f\u00f6r information som kan f\u00e5s fr\u00e5n GPS-uppf\u00f6ljningen eller TV-s\u00e4ndningen under t\u00e4vlingen. Uppf\u00f6ljning av TV-s\u00e4ndningen \u00e4r f\u00f6rbjuden p\u00e5 t\u00e4vlingsplats. Om fair play -reglerna bryts, kan t\u00e4vlanden diskvalificeras.<\/p>\n\n\n\n<p><strong>M\u00e5l<\/strong><br>I fredagens kvalt\u00e4vling anv\u00e4nds fj\u00e4rrm\u00e5l, distans fr\u00e5n fj\u00e4rrm\u00e5let till TC:n \u00e4r 1800m. Alla t\u00e4vlandes Emit-brickor avl\u00e4ses vid fj\u00e4rrm\u00e5let, d\u00e4refter f\u00f6rflyttar sig t\u00e4vlarna f\u00f6r st\u00e4mpelkontroll till TC:n. Publiken f\u00e5r inte g\u00e5 till fj\u00e4rrm\u00e5let.<br>P\u00e5 b\u00e5da t\u00e4vlingsdagarna anv\u00e4nds m\u00e5lst\u00e4mpling och alla har samma m\u00e5l. Fr\u00e5n sista kontroll till m\u00e5l \u00e4r det snitsel, som t\u00e4vlande b\u00f6r f\u00f6lja. Kartorna samlas bort efter l\u00f6rdagens finaler. M\u00e5let st\u00e4ngs kl. 02.00.<\/p>\n\n\n\n<p><strong>Avbrytning<\/strong><br>De som har avbrutit m\u00e5ste anm\u00e4la sig vid m\u00e5let och om m\u00f6jligt m\u00e5lst\u00e4mpla. \u00c4ven avbrytning vid skada b\u00f6r anm\u00e4las till m\u00e5lpersonalen.&nbsp;<\/p>\n\n\n\n<p><br><strong>Klagomur<\/strong><br>Oklara fall i t\u00e4vlingen behandlas omedelbart vid klagomuren i n\u00e4rheten av m\u00e5let.&nbsp;<\/p>\n\n\n\n<p><br><strong>Resultat<\/strong><br>Resultat publiceras endast p\u00e5 t\u00e4vlingens websida.<\/p>\n\n\n\n<p><strong>Priser och prisutdelning<\/strong><br>I alla FM-klasser delas det ut medaljer och hederspris till de tre b\u00e4sta. I FM-klasser H\/D 15-21 tilldelas FM-plaketter f\u00f6r placeringarna 4-10 och i FM-klasser H\/D 35-70 placeringarna 4-6. I klasser H\/D 75-85 delas inte ut plakett, enligt grenreglerna. I B-finalen delas inga pris. Priserna delas ut efter att resultaten f\u00f6r klassen \u00e4r f\u00e4rdiga. Prisutdelning utlyses via speakern.&nbsp;<\/p>\n\n\n\n<p><br><strong>Info<\/strong><br>Info finns i TC:n. Info \u00e4r \u00f6ppen p\u00e5 fredag och l\u00f6rdag fr\u00e5n kl 18.00. I Info behandlas Emit- \u00e4ndringar samt andra fr\u00e5gor om t\u00e4vlingen. Info delar \u00e4ven ut GPS-v\u00e4starna. Eventuella protester l\u00e4mnas in skriftligt till Info. V\u00e4rdesaker kan l\u00e4mnas i infon mot betalning av 2\u20ac. Info tar endast emot kontanter.<\/p>\n\n\n\n<p><strong>Omkl\u00e4dning, tv\u00e4tt, WC<\/strong><br>S\u00e4rskilda omkl\u00e4dningsutrymmen finns inte. P\u00e5 l\u00f6rdagen finns det ett omkl\u00e4dningst\u00e4lt i TC:n d\u00e4r man kan byta om. Observera avst\u00e5nd! P\u00e5 grund av covid-19 restriktionerna kan vi inte erbjuda dusch p\u00e5 l\u00f6rdagen. I TC:n finns det bajamajor. Vid fredagens och l\u00f6rdagens startsnitsel finns det WC.<\/p>\n\n\n\n<p><strong>S\u00e4kerhet<\/strong><br>S\u00e4kerhetsplanen med alla n\u00f6dv\u00e4ndiga instruktioner finns p\u00e5 t\u00e4vlingens websida och p\u00e5 anslagstavlan i TC:n.<\/p>\n\n\n\n<p><br><strong>Caf\u00e9 och restaurant<\/strong><br>I TC:n finns det en caf\u00e9\/restaurang och korvkiosk som fungerar enligt take away -principen.<\/p>\n\n\n\n<p><strong>Aktiviteter som inte \u00e4r till\u00e5tna<\/strong><br>\u00d6ppen eld, anv\u00e4ndning av grill och sprit\/stormk\u00f6k samt r\u00f6kning \u00e4r f\u00f6rbjudna i TC:n och p\u00e5 parkeringsomr\u00e5det. Det \u00e4r ocks\u00e5 f\u00f6rbjudet att g\u00e5 till tomtomr\u00e5den i n\u00e4rheten av TC:n. F\u00f6rs\u00e4ljning, reklam mm. \u00e4r inte till\u00e5ten utan separat tillst\u00e5nd av arrang\u00f6rerna.&nbsp;<\/p>\n\n\n\n<p><br><strong>Hittegods<\/strong><br>Under t\u00e4vlingshelgen kan hittegods fr\u00e5gas efter i info. Efter t\u00e4vlingen kan hittegods fr\u00e5gas efter via e-post av <a>anniina.heikkinen@vehkalahdenveikot.fi<\/a>. Alla hittegods som \u00e4r kvar efter tv\u00e5 veckor transporteras till polisens hittegodsbyr\u00e5.<\/p>\n\n\n\n<p><strong>Huvudfunktion\u00e4rer<\/strong><\/p>\n\n\n\n<p>T\u00e4vlingsledare:&nbsp; Ari&nbsp; Kukkonen<\/p>\n\n\n\n<p>Informator: &nbsp;&nbsp;&nbsp;&nbsp; &nbsp; Anniina&nbsp; Heikkinen<\/p>\n\n\n\n<p>TA (SSL): &nbsp;&nbsp;&nbsp;&nbsp;&nbsp;&nbsp; &nbsp; Simo Martomaa KR<\/p>\n\n\n\n<p>SSL bankontrollant: Visa Sippu InkTe<\/p>\n\n\n\n<p>Banl\u00e4ggargruppens ledare: Janne Weckman<\/p>\n\n\n\n<p>Kvalets banl\u00e4ggare: Tuomas&nbsp; Mattila<\/p>\n\n\n\n<p>Finalens banl\u00e4ggare: Daniel Koivisto<\/p>\n\n\n\n<p>Parkering: &nbsp;&nbsp;&nbsp;&nbsp;&nbsp; Niko Laitinen<\/p>\n\n\n\n<p>Info: Eeva-Kaarina Lonka<\/p>\n\n\n\n<p>Start 1: Miina Ruoti, Roosa Ruoti<\/p>\n\n\n\n<p>Start 2: Jenna Niinisalo, Jutta Ojala<\/p>\n\n\n\n<p>Resultat\/m\u00e5l: Timo Harju<\/p>\n\n\n\n<p>TC: &nbsp; Satu Salorinne<\/p>\n\n\n\n<p>S\u00e4kerhet: Suvi Mannoja<\/p>\n\n\n\n<p>F\u00f6rsta hj\u00e4lp: \u00a0Annika\u00a0 Takanen, Tel. 040 5271 666<\/p>\n\n\n\n<p>Speakers: &nbsp;&nbsp;&nbsp;&nbsp;&nbsp;&nbsp;&nbsp; Petri Lingvist, Elina&nbsp; Kilpel\u00e4inen<\/p>\n\n\n\n<p><strong>T\u00e4vlingsjury<\/strong><\/p>\n\n\n\n<p>Ordf\u00f6rande: Ari Torniainen LappRi (pj), medlemmar: Sari&nbsp; V\u00e4\u00e4r\u00e4nen&nbsp; (KS), Mikko&nbsp; Kiiski KyS<\/p>\n\n\n\n<p>[tabbyending]<\/p>\n","protected":false},"excerpt":{"rendered":"<p>[tabby title=&#8221;Kortfattad&#8221;] LUMONITE FM-NATT 2021 \u00e4r 110 \u00e5rs jubileumst\u00e4vling f\u00f6r Vehkalahden Veikot 24.9. &#8211; 25.9.2021 PRELIMIN\u00c4RA T\u00c4VLINGSDIREKTIV. Slutliga direktiven p\u00e5 TC. Sammanfattning f\u00f6r dem som har ont om tid. Kval fredag 24.9.2020 TC:n \u00e4r&#46;&#46;&#46;<\/p>\n","protected":false},"author":2,"featured_media":0,"parent":0,"menu_order":0,"comment_status":"closed","ping_status":"closed","template":"","meta":{"ngg_post_thumbnail":0,"footnotes":""},"class_list":["post-153","page","type-page","status-publish","hentry"],"_links":{"self":[{"href":"https:\/\/www.vehkalahdenveikot.fi\/sm-yo2021\/wp-json\/wp\/v2\/pages\/153","targetHints":{"allow":["GET"]}}],"collection":[{"href":"https:\/\/www.vehkalahdenveikot.fi\/sm-yo2021\/wp-json\/wp\/v2\/pages"}],"about":[{"href":"https:\/\/www.vehkalahdenveikot.fi\/sm-yo2021\/wp-json\/wp\/v2\/types\/page"}],"author":[{"embeddable":true,"href":"https:\/\/www.vehkalahdenveikot.fi\/sm-yo2021\/wp-json\/wp\/v2\/users\/2"}],"replies":[{"embeddable":true,"href":"https:\/\/www.vehkalahdenveikot.fi\/sm-yo2021\/wp-json\/wp\/v2\/comments?post=153"}],"version-history":[{"count":1,"href":"https:\/\/www.vehkalahdenveikot.fi\/sm-yo2021\/wp-json\/wp\/v2\/pages\/153\/revisions"}],"predecessor-version":[{"id":155,"href":"https:\/\/www.vehkalahdenveikot.fi\/sm-yo2021\/wp-json\/wp\/v2\/pages\/153\/revisions\/155"}],"wp:attachment":[{"href":"https:\/\/www.vehkalahdenveikot.fi\/sm-yo2021\/wp-json\/wp\/v2\/media?parent=153"}],"curies":[{"name":"wp","href":"https:\/\/api.w.org\/{rel}","templated":true}]}}