{"id":167,"date":"2021-10-04T18:27:59","date_gmt":"2021-10-04T15:27:59","guid":{"rendered":"https:\/\/www.vehkalahdenveikot.fi\/kll2021\/?page_id=167"},"modified":"2021-10-04T18:28:07","modified_gmt":"2021-10-04T15:28:07","slug":"ratavalvojan-lausunto","status":"publish","type":"page","link":"https:\/\/www.vehkalahdenveikot.fi\/kll2021\/ratavalvojan-lausunto\/","title":{"rendered":"Ratavalvojan lausunto"},"content":{"rendered":"\n<h2 class=\"wp-block-heading\">KLL kilpailujen 8. ja 9.10. 2021 ratavalvojan lausunto<\/h2>\n\n\n\n<p>Koululiikuntaliiton kilpailut k\u00e4yd\u00e4\u00e4n Haminan Ruissalossa olevan koulukeskuksen ymp\u00e4rist\u00f6ss\u00e4.<\/p>\n\n\n\n<p>Henkil\u00f6kohtainen kilpailu k\u00e4yd\u00e4\u00e4n eri maastossa moottorien toisella puolella kuin viesti.\u00a0 Maasto on talousmets\u00e4\u00e4, josta l\u00f6ytyy niin aukkoa, tiheikk\u00f6\u00e4 kuin hyv\u00e4pohjaista kalliom\u00e4ke\u00e4kin.\u00a0 Pidemm\u00e4t radat k\u00e4yv\u00e4t kartan pohjoisosan vaativimmilla alueilla, kun taas nuoremmat radat ovat runsaamman polkuverkoston omaavalla osalla. Ratamestarit ovat luoneet kaikille ik\u00e4luokille sopivasti haasteita sis\u00e4lt\u00e4v\u00e4t radat.<\/p>\n\n\n\n<p>Viesti juostaan Ruissalon ulkoilualueella, jossa risteilev\u00e4t niin ulkoilureitit, latupohjat kuin frisbeegolf-ratakin. Maasto on mit\u00e4 parhain t\u00e4m\u00e4n viestin j\u00e4rjest\u00e4miseen. Maaston pienipiirteisyys on suonut ratamestareille hyv\u00e4t ev\u00e4\u00e4t onnistuneen viestikilpailun luomiseen.<\/p>\n\n\n\n<p>Ratamestarit ovat laatineet kaikille sopivat radat. Vanhemmille sarjoille l\u00f6ytyy riitt\u00e4v\u00e4sti suunnistushaastetta ja nuoremmille sopivasti turvallisia haasteita reitist\u00e4 selviytymiseen. <strong>Rasteja on maastossa l\u00e4hekk\u00e4in, joten tarkastakaa koodit huolella, jotta k\u00e4ytte omalla oikealla rastilla.<\/strong><\/p>\n\n\n\n<p>Visa Sippu<\/p>\n","protected":false},"excerpt":{"rendered":"<p>KLL kilpailujen 8. ja 9.10. 2021 ratavalvojan lausunto Koululiikuntaliiton kilpailut k\u00e4yd\u00e4\u00e4n Haminan Ruissalossa olevan koulukeskuksen ymp\u00e4rist\u00f6ss\u00e4. Henkil\u00f6kohtainen kilpailu k\u00e4yd\u00e4\u00e4n eri maastossa moottorien toisella puolella kuin viesti.\u00a0 Maasto on talousmets\u00e4\u00e4, josta l\u00f6ytyy niin aukkoa, tiheikk\u00f6\u00e4&#46;&#46;&#46;<\/p>\n","protected":false},"author":2,"featured_media":0,"parent":0,"menu_order":0,"comment_status":"closed","ping_status":"closed","template":"","meta":{"ngg_post_thumbnail":0,"footnotes":""},"class_list":["post-167","page","type-page","status-publish","hentry"],"_links":{"self":[{"href":"https:\/\/www.vehkalahdenveikot.fi\/kll2021\/wp-json\/wp\/v2\/pages\/167","targetHints":{"allow":["GET"]}}],"collection":[{"href":"https:\/\/www.vehkalahdenveikot.fi\/kll2021\/wp-json\/wp\/v2\/pages"}],"about":[{"href":"https:\/\/www.vehkalahdenveikot.fi\/kll2021\/wp-json\/wp\/v2\/types\/page"}],"author":[{"embeddable":true,"href":"https:\/\/www.vehkalahdenveikot.fi\/kll2021\/wp-json\/wp\/v2\/users\/2"}],"replies":[{"embeddable":true,"href":"https:\/\/www.vehkalahdenveikot.fi\/kll2021\/wp-json\/wp\/v2\/comments?post=167"}],"version-history":[{"count":1,"href":"https:\/\/www.vehkalahdenveikot.fi\/kll2021\/wp-json\/wp\/v2\/pages\/167\/revisions"}],"predecessor-version":[{"id":169,"href":"https:\/\/www.vehkalahdenveikot.fi\/kll2021\/wp-json\/wp\/v2\/pages\/167\/revisions\/169"}],"wp:attachment":[{"href":"https:\/\/www.vehkalahdenveikot.fi\/kll2021\/wp-json\/wp\/v2\/media?parent=167"}],"curies":[{"name":"wp","href":"https:\/\/api.w.org\/{rel}","templated":true}]}}